{"id":3693,"date":"2024-06-18T23:04:07","date_gmt":"2024-06-18T21:04:07","guid":{"rendered":"\/\/bijunucentras.lt\/?page_id=3693"},"modified":"2025-02-14T02:31:00","modified_gmt":"2025-02-14T00:31:00","slug":"darbuotoju-darbo-grafikas","status":"publish","type":"page","link":"https:\/\/bijunucentras.lt\/en\/darbuotoju-darbo-grafikas\/","title":{"rendered":"Staff work schedule"},"content":{"rendered":"<div data-elementor-type=\"wp-page\" data-elementor-id=\"3693\" class=\"elementor elementor-3693\" data-elementor-post-type=\"page\">\n\t\t\t\t\t\t<section class=\"elementor-section elementor-top-section elementor-element elementor-element-1a551b5 elementor-section-boxed elementor-section-height-default elementor-section-height-default sc_fly_static\" data-id=\"1a551b5\" data-element_type=\"section\">\n\t\t\t\t\t\t<div class=\"elementor-container elementor-column-gap-extended\">\n\t\t\t\t\t<div class=\"elementor-column elementor-col-100 elementor-top-column elementor-element elementor-element-4df7db4 sc_content_align_inherit sc_layouts_column_icons_position_left sc_fly_static\" data-id=\"4df7db4\" data-element_type=\"column\">\n\t\t\t<div class=\"elementor-widget-wrap elementor-element-populated\">\n\t\t\t\t\t\t<div class=\"elementor-element elementor-element-af011ff sc_fly_static elementor-widget elementor-widget-spacer\" data-id=\"af011ff\" data-element_type=\"widget\" data-widget_type=\"spacer.default\">\n\t\t\t\t<div class=\"elementor-widget-container\">\n\t\t\t\t\t\t\t<div class=\"elementor-spacer\">\n\t\t\t<div class=\"elementor-spacer-inner\"><\/div>\n\t\t<\/div>\n\t\t\t\t\t\t<\/div>\n\t\t\t\t<\/div>\n\t\t\t\t\t<\/div>\n\t\t<\/div>\n\t\t\t\t\t<\/div>\n\t\t<\/section>\n\t\t\t\t<section class=\"elementor-section elementor-top-section elementor-element elementor-element-bd970bc elementor-section-boxed elementor-section-height-default elementor-section-height-default sc_fly_static\" data-id=\"bd970bc\" data-element_type=\"section\">\n\t\t\t\t\t\t<div class=\"elementor-container elementor-column-gap-extended\">\n\t\t\t\t\t<div class=\"elementor-column elementor-col-100 elementor-top-column elementor-element elementor-element-fbd6c3d sc_content_align_inherit sc_layouts_column_icons_position_left sc_fly_static\" data-id=\"fbd6c3d\" data-element_type=\"column\">\n\t\t\t<div class=\"elementor-widget-wrap elementor-element-populated\">\n\t\t\t\t\t\t<div class=\"elementor-element elementor-element-fdbf4b7 sc_fly_static elementor-widget elementor-widget-trx_sc_title\" data-id=\"fdbf4b7\" data-element_type=\"widget\" data-widget_type=\"trx_sc_title.default\">\n\t\t\t\t<div class=\"elementor-widget-container\">\n\t\t\t\t\t<div\t\tclass=\"sc_title sc_title_default\"><div class=\"sc_item_title_wrap sc_position_below\"><h2 class=\"sc_item_title sc_title_title sc_item_title_style_default\"\n\t\t\t><span class=\"sc_item_title_line_left\"><\/span><span class=\"sc_item_title_text\">Timetable for the Bij\u016bnai Multi-purpose Multifunctional Centre 2025<\/span><span class=\"sc_item_title_line_right\"><\/span><\/h2><\/div><span class=\"sc_item_subtitle sc_title_subtitle sc_align_left sc_item_subtitle_below sc_item_title_style_default\">From 1 January 2025. <\/span><\/div><!-- \/.sc_title -->\t\t\t\t<\/div>\n\t\t\t\t<\/div>\n\t\t\t\t<div class=\"elementor-element elementor-element-ec263be sc_fly_static elementor-widget elementor-widget-spacer\" data-id=\"ec263be\" data-element_type=\"widget\" data-widget_type=\"spacer.default\">\n\t\t\t\t<div class=\"elementor-widget-container\">\n\t\t\t\t\t\t\t<div class=\"elementor-spacer\">\n\t\t\t<div class=\"elementor-spacer-inner\"><\/div>\n\t\t<\/div>\n\t\t\t\t\t\t<\/div>\n\t\t\t\t<\/div>\n\t\t\t\t\t<\/div>\n\t\t<\/div>\n\t\t\t\t\t<\/div>\n\t\t<\/section>\n\t\t\t\t<section class=\"elementor-section elementor-top-section elementor-element elementor-element-10d9445 elementor-section-full_width elementor-section-height-default elementor-section-height-default sc_fly_static\" data-id=\"10d9445\" data-element_type=\"section\">\n\t\t\t\t\t\t<div class=\"elementor-container elementor-column-gap-default\">\n\t\t\t\t\t<div class=\"elementor-column elementor-col-100 elementor-top-column elementor-element elementor-element-9e19793 sc_content_align_inherit sc_layouts_column_icons_position_left sc_fly_static\" data-id=\"9e19793\" data-element_type=\"column\">\n\t\t\t<div class=\"elementor-widget-wrap elementor-element-populated\">\n\t\t\t\t\t\t<div class=\"elementor-element elementor-element-3861ba0 sc_fly_static elementor-widget elementor-widget-spacer\" data-id=\"3861ba0\" data-element_type=\"widget\" data-widget_type=\"spacer.default\">\n\t\t\t\t<div class=\"elementor-widget-container\">\n\t\t\t\t\t\t\t<div class=\"elementor-spacer\">\n\t\t\t<div class=\"elementor-spacer-inner\"><\/div>\n\t\t<\/div>\n\t\t\t\t\t\t<\/div>\n\t\t\t\t<\/div>\n\t\t\t\t<div class=\"elementor-element elementor-element-4c6e901 sc_fly_static elementor-widget elementor-widget-trx_sc_table\" data-id=\"4c6e901\" data-element_type=\"widget\" data-widget_type=\"trx_sc_table.default\">\n\t\t\t\t<div class=\"elementor-widget-container\">\n\t\t\t\t\t<div class=\"sc_table_wrap\"><div\t\tclass=\"sc_table sc_table_default trx_addons_inline_1491755478\" ><table style=\"width: 100%;\">\n<tbody>\n<tr>\n<td><strong>Responsibilities <\/strong><\/td>\n<td><strong>Status<\/strong><\/td>\n<td><strong>Monday<\/strong><\/td>\n<td><strong>Tuesday<\/strong><\/td>\n<td><strong>Wednesday<\/strong><\/td>\n<td><strong>Thursday<\/strong><\/td>\n<td><strong>Friday<\/strong><\/td>\n<td><strong>Lunch break<\/strong><\/td>\n<\/tr>\n<tr>\n<td>Director<\/td>\n<td>1<\/td>\n<td>7.00 - 12.00 12.30 - 15.30<\/td>\n<td>7.00 - 12.00 12.30 - 15.30<\/td>\n<td>7.00 - 12.00 12.30 - 15.30<\/td>\n<td>7.00 - 12.00 12.30 - 15.30<\/td>\n<td>7.00 - 12.00 12.30 - 15.30<\/td>\n<td>12.00-12.30<\/td>\n<\/tr>\n<tr>\n<td colspan=\"8\">In accordance with the Decree No K1-191 of the Mayor of Trakai District Municipality No K1-191 of 31 October 2024 \"Concerning the telecommuting of Mr K\u0119stutis Bla\u017eevi\u010dius\", the Director shall telecommute from 12.30 to 15.30 on weekdays until 30 May 2025. Contact +37065268788 or e-mail\u00a0<a href=\"mailto:info@bijunucentras.lt\">info@bijunucentras.lt<\/a>\u00a0,\u00a0<a href=\"mailto:bijunuudc@gmail.com\">bijunuudc@gmail.com<\/a>\u00a0or\u00a0<a href=\"mailto:bijunumokykla@gmail.com\">bijunumokykla@gmail.com<\/a><\/td>\n<\/tr>\n<tr>\n<td>Non-formal education organiser<\/td>\n<td>0,85<\/td>\n<td>\u00a0<\/td>\n<td>8.00 - 11.30 12.00 - 20.00<\/td>\n<td>8.00 - 10.20 12.00 - 15.45<\/td>\n<td>8.00 - 10.20 12.00- \u00a020.00<\/td>\n<td>8.00 - 10.20 12.00 - 15.45<\/td>\n<td>11.30-12.00<\/td>\n<\/tr>\n<tr>\n<td>Organiser of cultural and sports activities<\/td>\n<td>1,00<\/td>\n<td>8.00- 11.30 12.00- 15.30<\/td>\n<td>8.00- 11.30 12.00- 15.30<\/td>\n<td>8.00- 11.30 12.00- 15.30<\/td>\n<td>8.00- 11.30 12.00- 20.30<\/td>\n<td>8.00- 11.30 12.00- 15.30<\/td>\n<td>11.30-12.00<\/td>\n<\/tr>\n<tr>\n<td>Organiser of cultural and sporting activities<\/td>\n<td>0,25<\/td>\n<td>18.00 - 20.00<\/td>\n<td>18.00 - 20.00<\/td>\n<td>18.00 - 20.00<\/td>\n<td>18.00 - 20.00<\/td>\n<td>18.00 - 20.00<\/td>\n<td>\u00a0<\/td>\n<\/tr>\n<tr>\n<td>Organiser of cultural and sporting activities<\/td>\n<td>0,25<\/td>\n<td>\u00a0<\/td>\n<td>\u00a0<\/td>\n<td>12.00 - 17.00<\/td>\n<td>12.00 - 17.00<\/td>\n<td>\u00a0<\/td>\n<td>\u00a0<\/td>\n<\/tr>\n<tr>\n<td>Accountant, housekeeper<\/td>\n<td>0,75<\/td>\n<td>8.00 - 12.00 12.30 - 14.30<\/td>\n<td>8.00 - 12.00 12.30 - 14.30<\/td>\n<td>8.00 - 12.00 12.30 - 14.30<\/td>\n<td>8.00 - 12.00 12.30 - 14.30<\/td>\n<td>8.00 - 12.00 12.30 - 14.30<\/td>\n<td>12.00- 12.30<\/td>\n<\/tr>\n<tr>\n<td>Additional working time<\/td>\n<td>14.30- 16.00<\/td>\n<td>14.30- 16.00<\/td>\n<td>14.30- 16.00<\/td>\n<td>14.30- 16.00<\/td>\n<td>14.30- 16.00<\/td>\n<td>\u00a0<\/td>\n<td>\u00a0<\/td>\n<\/tr>\n<tr>\n<td>Cleaner<\/td>\n<td>0,75<\/td>\n<td>\u00a0<\/td>\n<td>9.00 - 11.30 12.00 - 17.00<\/td>\n<td>9.00 - 11.30 12.00 - 17.00<\/td>\n<td>9.00 - 11.30 12.00 - 17.00<\/td>\n<td>9.00 - 11.30 12.00 - 17.00<\/td>\n<td>11.30-12.00<\/td>\n<\/tr>\n<tr>\n<td>Doorman<\/td>\n<td>0,75<\/td>\n<td>6.00 - 11.30 12.00 - 16.30<\/td>\n<td>\u00a06.00 - 11.30 12.00 - 16.30<\/td>\n<td>\u00a06.00 - 11.30 12.00 - 16.30<\/td>\n<td>\u00a0<\/td>\n<td>\u00a0<\/td>\n<td>11.30-12.00<\/td>\n<\/tr>\n<tr>\n<td>Support worker, stoker<\/td>\n<td>1,25<\/td>\n<td>6.00 - 11.30 12.00 - 16.30<\/td>\n<td>6.00 - 11.30 12.00 - 16.30<\/td>\n<td>6.00 - 11.30 12.00 - 16.30<\/td>\n<td>6.00 - 11.30 12.00 - 16.30<\/td>\n<td>6.00 - 11.30 12.00 - 16.30<\/td>\n<td>11.30-12.00<\/td>\n<\/tr>\n<tr>\n<td>Additional working time<\/td>\n<td>\u00a0<\/td>\n<td>16.30- 20.00<\/td>\n<td>\u00a0<\/td>\n<td>16.30-20.00<\/td>\n<td>\u00a0<\/td>\n<td>\u00a0<\/td>\n<td>\u00a0<\/td>\n<\/tr>\n<\/tbody>\n<\/table><\/div><\/div>\t\t\t\t<\/div>\n\t\t\t\t<\/div>\n\t\t\t\t\t<\/div>\n\t\t<\/div>\n\t\t\t\t\t<\/div>\n\t\t<\/section>\n\t\t\t\t<\/div>","protected":false},"excerpt":{"rendered":"<p>2025 Timetable for the staff of the Bij\u016bnai Multi-purpose Multi-purpose Centre From 1 January 2025. Position Position Monday Tuesday Wednesday Wednesday Thursday Thursday Friday Lunch break Director 1 7.00 - 12.00 12.30 - 15.30 7.00 - 12.00 12.30 - 15.30 7.00 - 12.00 12.30 - 15.30 7.00 - 12.00 12.30 - 15.30 7.00 - 12.00 12.30 -...<\/p>","protected":false},"author":1,"featured_media":0,"parent":0,"menu_order":0,"comment_status":"closed","ping_status":"closed","template":"","meta":{"inline_featured_image":false,"footnotes":""},"class_list":["post-3693","page","type-page","status-publish","hentry"],"aioseo_notices":[],"_links":{"self":[{"href":"https:\/\/bijunucentras.lt\/en\/wp-json\/wp\/v2\/pages\/3693","targetHints":{"allow":["GET"]}}],"collection":[{"href":"https:\/\/bijunucentras.lt\/en\/wp-json\/wp\/v2\/pages"}],"about":[{"href":"https:\/\/bijunucentras.lt\/en\/wp-json\/wp\/v2\/types\/page"}],"author":[{"embeddable":true,"href":"https:\/\/bijunucentras.lt\/en\/wp-json\/wp\/v2\/users\/1"}],"replies":[{"embeddable":true,"href":"https:\/\/bijunucentras.lt\/en\/wp-json\/wp\/v2\/comments?post=3693"}],"version-history":[{"count":46,"href":"https:\/\/bijunucentras.lt\/en\/wp-json\/wp\/v2\/pages\/3693\/revisions"}],"predecessor-version":[{"id":17176,"href":"https:\/\/bijunucentras.lt\/en\/wp-json\/wp\/v2\/pages\/3693\/revisions\/17176"}],"wp:attachment":[{"href":"https:\/\/bijunucentras.lt\/en\/wp-json\/wp\/v2\/media?parent=3693"}],"curies":[{"name":"wp","href":"https:\/\/api.w.org\/{rel}","templated":true}]}}