{"id":18038,"date":"2025-12-08T17:19:24","date_gmt":"2025-12-08T15:19:24","guid":{"rendered":"https:\/\/bijunucentras.lt\/?page_id=18038"},"modified":"2025-12-08T17:28:22","modified_gmt":"2025-12-08T15:28:22","slug":"vaizdo-duomenu-tvarkymo-taisykles-2","status":"publish","type":"page","link":"https:\/\/bijunucentras.lt\/en\/vaizdo-duomenu-tvarkymo-taisykles-2\/","title":{"rendered":"Rules for processing image data"},"content":{"rendered":"<div data-elementor-type=\"wp-page\" data-elementor-id=\"18038\" class=\"elementor elementor-18038\" data-elementor-post-type=\"page\">\n\t\t\t\t\t\t<section class=\"elementor-section elementor-top-section elementor-element elementor-element-9237348 elementor-section-boxed elementor-section-height-default elementor-section-height-default sc_fly_static\" data-id=\"9237348\" data-element_type=\"section\">\n\t\t\t\t\t\t<div class=\"elementor-container elementor-column-gap-extended\">\n\t\t\t\t\t<div class=\"elementor-column elementor-col-100 elementor-top-column elementor-element elementor-element-1a12553 sc_content_align_inherit sc_layouts_column_icons_position_left sc_fly_static\" data-id=\"1a12553\" data-element_type=\"column\">\n\t\t\t<div class=\"elementor-widget-wrap elementor-element-populated\">\n\t\t\t\t\t\t<div class=\"elementor-element elementor-element-aef7c04 sc_fly_static elementor-widget elementor-widget-trx_sc_title\" data-id=\"aef7c04\" data-element_type=\"widget\" data-widget_type=\"trx_sc_title.default\">\n\t\t\t\t<div class=\"elementor-widget-container\">\n\t\t\t\t\t<div\t\tclass=\"sc_title sc_title_default\"><span class=\"sc_item_subtitle sc_title_subtitle sc_item_subtitle_above sc_item_title_style_default\">Bij\u016bnai UDC<\/span><div class=\"sc_item_title_wrap sc_position_above\"><h2 class=\"sc_item_title sc_title_title sc_item_title_style_default\"\n\t\t\t><span class=\"sc_item_title_line_left\"><\/span><span class=\"sc_item_title_text\">Rules for processing image data<\/span><span class=\"sc_item_title_line_right\"><\/span><\/h2><\/div><\/div><!-- \/.sc_title -->\t\t\t\t<\/div>\n\t\t\t\t<\/div>\n\t\t\t\t<div class=\"elementor-element elementor-element-f6c1ec8 sc_fly_static elementor-widget elementor-widget-spacer\" data-id=\"f6c1ec8\" data-element_type=\"widget\" data-widget_type=\"spacer.default\">\n\t\t\t\t<div class=\"elementor-widget-container\">\n\t\t\t\t\t\t\t<div class=\"elementor-spacer\">\n\t\t\t<div class=\"elementor-spacer-inner\"><\/div>\n\t\t<\/div>\n\t\t\t\t\t\t<\/div>\n\t\t\t\t<\/div>\n\t\t\t\t\t<\/div>\n\t\t<\/div>\n\t\t\t\t\t<\/div>\n\t\t<\/section>\n\t\t\t\t<section class=\"elementor-section elementor-top-section elementor-element elementor-element-41a310e elementor-section-boxed elementor-section-height-default elementor-section-height-default sc_fly_static\" data-id=\"41a310e\" data-element_type=\"section\">\n\t\t\t\t\t\t<div class=\"elementor-container elementor-column-gap-extended\">\n\t\t\t\t\t<div class=\"elementor-column elementor-col-100 elementor-top-column elementor-element elementor-element-19da3ed sc_content_align_inherit sc_layouts_column_icons_position_left sc_fly_static\" data-id=\"19da3ed\" data-element_type=\"column\">\n\t\t\t<div class=\"elementor-widget-wrap elementor-element-populated\">\n\t\t\t\t\t\t<div class=\"elementor-element elementor-element-8761469 sc_fly_static elementor-widget elementor-widget-trx_sc_button\" data-id=\"8761469\" data-element_type=\"widget\" data-widget_type=\"trx_sc_button.default\">\n\t\t\t\t<div class=\"elementor-widget-container\">\n\t\t\t\t\t<div\tclass=\"sc_item_button sc_button_wrap\" ><a href=\"https:\/\/bijunucentras.lt\/wp-content\/uploads\/2025\/12\/Vaizdo-duomenu-tvarkymo-taisykles.doc\" class=\"sc_button sc_button_default sc_button_size_normal sc_button_icon_left color_style_4 color_style_4\" ><span class=\"sc_button_text\"><span class=\"sc_button_title\">Rules for processing image data<\/span><\/span><!-- \/.sc_button_text --><\/a><!-- \/.sc_button --><\/div><!-- \/.sc_item_button -->\t\t\t\t<\/div>\n\t\t\t\t<\/div>\n\t\t\t\t\t<\/div>\n\t\t<\/div>\n\t\t\t\t\t<\/div>\n\t\t<\/section>\n\t\t\t\t<\/div>","protected":false},"excerpt":{"rendered":"<p>Bij\u016bn\u0173 UDC Vaizdo duomen\u0173 tvarkymo taisykl\u0117s Vaizdo duomen\u0173 tvarkymo taisykl\u0117s<\/p>","protected":false},"author":1,"featured_media":0,"parent":0,"menu_order":0,"comment_status":"closed","ping_status":"closed","template":"","meta":{"inline_featured_image":false,"footnotes":""},"class_list":["post-18038","page","type-page","status-publish","hentry"],"aioseo_notices":[],"_links":{"self":[{"href":"https:\/\/bijunucentras.lt\/en\/wp-json\/wp\/v2\/pages\/18038","targetHints":{"allow":["GET"]}}],"collection":[{"href":"https:\/\/bijunucentras.lt\/en\/wp-json\/wp\/v2\/pages"}],"about":[{"href":"https:\/\/bijunucentras.lt\/en\/wp-json\/wp\/v2\/types\/page"}],"author":[{"embeddable":true,"href":"https:\/\/bijunucentras.lt\/en\/wp-json\/wp\/v2\/users\/1"}],"replies":[{"embeddable":true,"href":"https:\/\/bijunucentras.lt\/en\/wp-json\/wp\/v2\/comments?post=18038"}],"version-history":[{"count":7,"href":"https:\/\/bijunucentras.lt\/en\/wp-json\/wp\/v2\/pages\/18038\/revisions"}],"predecessor-version":[{"id":18046,"href":"https:\/\/bijunucentras.lt\/en\/wp-json\/wp\/v2\/pages\/18038\/revisions\/18046"}],"wp:attachment":[{"href":"https:\/\/bijunucentras.lt\/en\/wp-json\/wp\/v2\/media?parent=18038"}],"curies":[{"name":"wp","href":"https:\/\/api.w.org\/{rel}","templated":true}]}}