{"id":15725,"date":"2024-06-20T23:02:54","date_gmt":"2024-06-20T21:02:54","guid":{"rendered":"https:\/\/bijunucentras.lt\/?page_id=15725"},"modified":"2026-01-08T13:58:44","modified_gmt":"2026-01-08T11:58:44","slug":"viesieji-pirkimai","status":"publish","type":"page","link":"https:\/\/bijunucentras.lt\/en\/viesieji-pirkimai\/","title":{"rendered":"Public procurement"},"content":{"rendered":"<div data-elementor-type=\"wp-page\" data-elementor-id=\"15725\" class=\"elementor elementor-15725\" data-elementor-post-type=\"page\">\n\t\t\t\t\t\t<section class=\"elementor-section elementor-top-section elementor-element elementor-element-2bc8590 elementor-section-boxed elementor-section-height-default elementor-section-height-default sc_fly_static\" data-id=\"2bc8590\" data-element_type=\"section\">\n\t\t\t\t\t\t<div class=\"elementor-container elementor-column-gap-extended\">\n\t\t\t\t\t<div class=\"elementor-column elementor-col-100 elementor-top-column elementor-element elementor-element-d0df382 sc_content_align_inherit sc_layouts_column_icons_position_left sc_fly_static\" data-id=\"d0df382\" data-element_type=\"column\">\n\t\t\t<div class=\"elementor-widget-wrap elementor-element-populated\">\n\t\t\t\t\t\t<div class=\"elementor-element elementor-element-db7d4dd sc_fly_static elementor-widget elementor-widget-trx_sc_title\" data-id=\"db7d4dd\" data-element_type=\"widget\" data-widget_type=\"trx_sc_title.default\">\n\t\t\t\t<div class=\"elementor-widget-container\">\n\t\t\t\t\t<div\t\tclass=\"sc_title sc_title_default\"><span class=\"sc_item_subtitle sc_title_subtitle sc_item_subtitle_above sc_item_title_style_default\">Bij\u016bnai UDC<\/span><div class=\"sc_item_title_wrap sc_position_above\"><h2 class=\"sc_item_title sc_title_title sc_item_title_style_default\"\n\t\t\t><span class=\"sc_item_title_line_left\"><\/span><span class=\"sc_item_title_text\">Public procurement<\/span><span class=\"sc_item_title_line_right\"><\/span><\/h2><\/div><\/div><!-- \/.sc_title -->\t\t\t\t<\/div>\n\t\t\t\t<\/div>\n\t\t\t\t\t<\/div>\n\t\t<\/div>\n\t\t\t\t\t<\/div>\n\t\t<\/section>\n\t\t\t\t<section class=\"elementor-section elementor-top-section elementor-element elementor-element-a1a7ef9 elementor-section-boxed elementor-section-height-default elementor-section-height-default sc_fly_static\" data-id=\"a1a7ef9\" data-element_type=\"section\">\n\t\t\t\t\t\t<div class=\"elementor-container elementor-column-gap-extended\">\n\t\t\t\t\t<div class=\"elementor-column elementor-col-100 elementor-top-column elementor-element elementor-element-9a48c68 sc_content_align_inherit sc_layouts_column_icons_position_left sc_fly_static\" data-id=\"9a48c68\" data-element_type=\"column\">\n\t\t\t<div class=\"elementor-widget-wrap elementor-element-populated\">\n\t\t\t\t\t\t<div class=\"elementor-element elementor-element-c2bf8df sc_fly_static elementor-widget elementor-widget-spacer\" data-id=\"c2bf8df\" data-element_type=\"widget\" data-widget_type=\"spacer.default\">\n\t\t\t\t<div class=\"elementor-widget-container\">\n\t\t\t\t\t\t\t<div class=\"elementor-spacer\">\n\t\t\t<div class=\"elementor-spacer-inner\"><\/div>\n\t\t<\/div>\n\t\t\t\t\t\t<\/div>\n\t\t\t\t<\/div>\n\t\t\t\t<div class=\"elementor-element elementor-element-ca16c16 sc_fly_static elementor-widget elementor-widget-heading\" data-id=\"ca16c16\" data-element_type=\"widget\" data-widget_type=\"heading.default\">\n\t\t\t\t<div class=\"elementor-widget-container\">\n\t\t\t\t\t<h4 class=\"elementor-heading-title elementor-size-default\">Public procurement rules<\/h4>\t\t\t\t<\/div>\n\t\t\t\t<\/div>\n\t\t\t\t<div class=\"elementor-element elementor-element-3c175b6 sc_fly_static elementor-widget elementor-widget-spacer\" data-id=\"3c175b6\" data-element_type=\"widget\" data-widget_type=\"spacer.default\">\n\t\t\t\t<div class=\"elementor-widget-container\">\n\t\t\t\t\t\t\t<div class=\"elementor-spacer\">\n\t\t\t<div class=\"elementor-spacer-inner\"><\/div>\n\t\t<\/div>\n\t\t\t\t\t\t<\/div>\n\t\t\t\t<\/div>\n\t\t\t\t<div class=\"elementor-element elementor-element-421db2a sc_fly_static elementor-widget elementor-widget-spacer\" data-id=\"421db2a\" data-element_type=\"widget\" data-widget_type=\"spacer.default\">\n\t\t\t\t<div class=\"elementor-widget-container\">\n\t\t\t\t\t\t\t<div class=\"elementor-spacer\">\n\t\t\t<div class=\"elementor-spacer-inner\"><\/div>\n\t\t<\/div>\n\t\t\t\t\t\t<\/div>\n\t\t\t\t<\/div>\n\t\t\t\t\t<\/div>\n\t\t<\/div>\n\t\t\t\t\t<\/div>\n\t\t<\/section>\n\t\t\t\t<section class=\"elementor-section elementor-top-section elementor-element elementor-element-12874d9 elementor-section-boxed elementor-section-height-default elementor-section-height-default sc_fly_static\" data-id=\"12874d9\" data-element_type=\"section\">\n\t\t\t\t\t\t<div class=\"elementor-container elementor-column-gap-extended\">\n\t\t\t\t\t<div class=\"elementor-column elementor-col-100 elementor-top-column elementor-element elementor-element-180021d sc_content_align_inherit sc_layouts_column_icons_position_left sc_fly_static\" data-id=\"180021d\" data-element_type=\"column\">\n\t\t\t<div class=\"elementor-widget-wrap elementor-element-populated\">\n\t\t\t\t\t\t<div class=\"elementor-element elementor-element-68e54cc sc_fly_static elementor-widget elementor-widget-spacer\" data-id=\"68e54cc\" data-element_type=\"widget\" data-widget_type=\"spacer.default\">\n\t\t\t\t<div class=\"elementor-widget-container\">\n\t\t\t\t\t\t\t<div class=\"elementor-spacer\">\n\t\t\t<div class=\"elementor-spacer-inner\"><\/div>\n\t\t<\/div>\n\t\t\t\t\t\t<\/div>\n\t\t\t\t<\/div>\n\t\t\t\t<div class=\"elementor-element elementor-element-e0a2e72 sc_fly_static elementor-widget elementor-widget-heading\" data-id=\"e0a2e72\" data-element_type=\"widget\" data-widget_type=\"heading.default\">\n\t\t\t\t<div class=\"elementor-widget-container\">\n\t\t\t\t\t<h4 class=\"elementor-heading-title elementor-size-default\">Description of the procedures for organising public procurement<\/h4>\t\t\t\t<\/div>\n\t\t\t\t<\/div>\n\t\t\t\t<div class=\"elementor-element elementor-element-682db06 sc_fly_static elementor-widget elementor-widget-spacer\" data-id=\"682db06\" data-element_type=\"widget\" data-widget_type=\"spacer.default\">\n\t\t\t\t<div class=\"elementor-widget-container\">\n\t\t\t\t\t\t\t<div class=\"elementor-spacer\">\n\t\t\t<div class=\"elementor-spacer-inner\"><\/div>\n\t\t<\/div>\n\t\t\t\t\t\t<\/div>\n\t\t\t\t<\/div>\n\t\t\t\t<div class=\"elementor-element elementor-element-b9a3f8c sc_fly_static elementor-widget elementor-widget-trx_sc_button\" data-id=\"b9a3f8c\" data-element_type=\"widget\" data-widget_type=\"trx_sc_button.default\">\n\t\t\t\t<div class=\"elementor-widget-container\">\n\t\t\t\t\t<div\tclass=\"sc_item_button sc_button_wrap\" ><a href=\"https:\/\/bijunucentras.lt\/wp-content\/uploads\/2026\/01\/2023-01-02-Universalaus-daugiafunkcio-centro-Viesuju-pirkimo-organizavimo-tvarkos-aprasas-4-3.doc\" class=\"sc_button sc_button_default sc_button_size_normal sc_button_with_icon sc_button_icon_left\" target=\"_blank\" ><span class=\"sc_button_icon\"><span class=\"icon-file-pdf\"><\/span><\/span><span class=\"sc_button_text\"><span class=\"sc_button_title\">Download the document<\/span><\/span><!-- \/.sc_button_text --><\/a><!-- \/.sc_button --><\/div><!-- \/.sc_item_button -->\t\t\t\t<\/div>\n\t\t\t\t<\/div>\n\t\t\t\t\t<\/div>\n\t\t<\/div>\n\t\t\t\t\t<\/div>\n\t\t<\/section>\n\t\t\t\t<section class=\"elementor-section elementor-top-section elementor-element elementor-element-2bcc67b elementor-section-boxed elementor-section-height-default elementor-section-height-default sc_fly_static\" data-id=\"2bcc67b\" data-element_type=\"section\">\n\t\t\t\t\t\t<div class=\"elementor-container elementor-column-gap-extended\">\n\t\t\t\t\t<div class=\"elementor-column elementor-col-100 elementor-top-column elementor-element elementor-element-c41dcbd sc_content_align_inherit sc_layouts_column_icons_position_left sc_fly_static\" data-id=\"c41dcbd\" data-element_type=\"column\">\n\t\t\t<div class=\"elementor-widget-wrap elementor-element-populated\">\n\t\t\t\t\t\t<div class=\"elementor-element elementor-element-af6fcf8 elementor-widget-divider--view-line sc_fly_static elementor-widget elementor-widget-divider\" data-id=\"af6fcf8\" data-element_type=\"widget\" data-widget_type=\"divider.default\">\n\t\t\t\t<div class=\"elementor-widget-container\">\n\t\t\t\t\t\t\t<div class=\"elementor-divider\">\n\t\t\t<span class=\"elementor-divider-separator\">\n\t\t\t\t\t\t<\/span>\n\t\t<\/div>\n\t\t\t\t\t\t<\/div>\n\t\t\t\t<\/div>\n\t\t\t\t\t<\/div>\n\t\t<\/div>\n\t\t\t\t\t<\/div>\n\t\t<\/section>\n\t\t\t\t<section class=\"elementor-section elementor-top-section elementor-element elementor-element-62e2d00 elementor-section-boxed elementor-section-height-default elementor-section-height-default sc_fly_static\" data-id=\"62e2d00\" data-element_type=\"section\">\n\t\t\t\t\t\t<div class=\"elementor-container elementor-column-gap-extended\">\n\t\t\t\t\t<div class=\"elementor-column elementor-col-100 elementor-top-column elementor-element elementor-element-2cdbfb6 sc_content_align_inherit sc_layouts_column_icons_position_left sc_fly_static\" data-id=\"2cdbfb6\" data-element_type=\"column\">\n\t\t\t<div class=\"elementor-widget-wrap elementor-element-populated\">\n\t\t\t\t\t\t<div class=\"elementor-element elementor-element-2e3f519 sc_fly_static elementor-widget elementor-widget-heading\" data-id=\"2e3f519\" data-element_type=\"widget\" data-widget_type=\"heading.default\">\n\t\t\t\t<div class=\"elementor-widget-container\">\n\t\t\t\t\t<h4 class=\"elementor-heading-title elementor-size-default\">Procurement Plan 2026 <\/h4>\t\t\t\t<\/div>\n\t\t\t\t<\/div>\n\t\t\t\t<div class=\"elementor-element elementor-element-2693378 sc_fly_static elementor-widget elementor-widget-spacer\" data-id=\"2693378\" data-element_type=\"widget\" data-widget_type=\"spacer.default\">\n\t\t\t\t<div class=\"elementor-widget-container\">\n\t\t\t\t\t\t\t<div class=\"elementor-spacer\">\n\t\t\t<div class=\"elementor-spacer-inner\"><\/div>\n\t\t<\/div>\n\t\t\t\t\t\t<\/div>\n\t\t\t\t<\/div>\n\t\t\t\t<div class=\"elementor-element elementor-element-3dacff9 sc_fly_static elementor-widget elementor-widget-trx_sc_button\" data-id=\"3dacff9\" data-element_type=\"widget\" data-widget_type=\"trx_sc_button.default\">\n\t\t\t\t<div class=\"elementor-widget-container\">\n\t\t\t\t\t<div\tclass=\"sc_item_button sc_button_wrap\" ><a href=\"https:\/\/bijunucentras.lt\/wp-content\/uploads\/2026\/01\/2026-m.-viesuju-pirkimu-planas.doc\" class=\"sc_button sc_button_default sc_button_size_normal sc_button_with_icon sc_button_icon_left\" target=\"_blank\" ><span class=\"sc_button_icon\"><span class=\"icon-file-word\"><\/span><\/span><span class=\"sc_button_text\"><span class=\"sc_button_title\">Download the document<\/span><\/span><!-- \/.sc_button_text --><\/a><!-- \/.sc_button --><\/div><!-- \/.sc_item_button -->\t\t\t\t<\/div>\n\t\t\t\t<\/div>\n\t\t\t\t\t<\/div>\n\t\t<\/div>\n\t\t\t\t\t<\/div>\n\t\t<\/section>\n\t\t\t\t<section class=\"elementor-section elementor-top-section elementor-element elementor-element-0e22e57 elementor-section-boxed elementor-section-height-default elementor-section-height-default sc_fly_static\" data-id=\"0e22e57\" data-element_type=\"section\">\n\t\t\t\t\t\t<div class=\"elementor-container elementor-column-gap-extended\">\n\t\t\t\t\t<div class=\"elementor-column elementor-col-100 elementor-top-column elementor-element elementor-element-0fa5d2a sc_content_align_inherit sc_layouts_column_icons_position_left sc_fly_static\" data-id=\"0fa5d2a\" data-element_type=\"column\">\n\t\t\t<div class=\"elementor-widget-wrap elementor-element-populated\">\n\t\t\t\t\t\t<div class=\"elementor-element elementor-element-bb06eb7 sc_fly_static elementor-widget elementor-widget-spacer\" data-id=\"bb06eb7\" data-element_type=\"widget\" data-widget_type=\"spacer.default\">\n\t\t\t\t<div class=\"elementor-widget-container\">\n\t\t\t\t\t\t\t<div class=\"elementor-spacer\">\n\t\t\t<div class=\"elementor-spacer-inner\"><\/div>\n\t\t<\/div>\n\t\t\t\t\t\t<\/div>\n\t\t\t\t<\/div>\n\t\t\t\t<div class=\"elementor-element elementor-element-d2870cc sc_fly_static elementor-widget elementor-widget-heading\" data-id=\"d2870cc\" data-element_type=\"widget\" data-widget_type=\"heading.default\">\n\t\t\t\t<div class=\"elementor-widget-container\">\n\t\t\t\t\t<h4 class=\"elementor-heading-title elementor-size-default\">2025 procurement logbook<\/h4>\t\t\t\t<\/div>\n\t\t\t\t<\/div>\n\t\t\t\t<div class=\"elementor-element elementor-element-251f929 sc_fly_static elementor-widget elementor-widget-spacer\" data-id=\"251f929\" data-element_type=\"widget\" data-widget_type=\"spacer.default\">\n\t\t\t\t<div class=\"elementor-widget-container\">\n\t\t\t\t\t\t\t<div class=\"elementor-spacer\">\n\t\t\t<div class=\"elementor-spacer-inner\"><\/div>\n\t\t<\/div>\n\t\t\t\t\t\t<\/div>\n\t\t\t\t<\/div>\n\t\t\t\t<div class=\"elementor-element elementor-element-4608dd6 sc_fly_static elementor-widget elementor-widget-trx_sc_button\" data-id=\"4608dd6\" data-element_type=\"widget\" data-widget_type=\"trx_sc_button.default\">\n\t\t\t\t<div class=\"elementor-widget-container\">\n\t\t\t\t\t<div\tclass=\"sc_item_button sc_button_wrap\" ><a href=\"https:\/\/bijunucentras.lt\/wp-content\/uploads\/2026\/01\/Viesuju-pirkimu-zurnalas-2025-m.xls\" class=\"sc_button sc_button_default sc_button_size_normal sc_button_with_icon sc_button_icon_left\" target=\"_blank\" ><span class=\"sc_button_icon\"><span class=\"icon-file-excel\"><\/span><\/span><span class=\"sc_button_text\"><span class=\"sc_button_title\">Download the document<\/span><\/span><!-- \/.sc_button_text --><\/a><!-- \/.sc_button --><\/div><!-- \/.sc_item_button -->\t\t\t\t<\/div>\n\t\t\t\t<\/div>\n\t\t\t\t\t<\/div>\n\t\t<\/div>\n\t\t\t\t\t<\/div>\n\t\t<\/section>\n\t\t\t\t<section class=\"elementor-section elementor-top-section elementor-element elementor-element-902dc0e elementor-section-boxed elementor-section-height-default elementor-section-height-default sc_fly_static\" data-id=\"902dc0e\" data-element_type=\"section\">\n\t\t\t\t\t\t<div class=\"elementor-container elementor-column-gap-extended\">\n\t\t\t\t\t<div class=\"elementor-column elementor-col-100 elementor-top-column elementor-element elementor-element-e2dcd5e sc_content_align_inherit sc_layouts_column_icons_position_left sc_fly_static\" data-id=\"e2dcd5e\" data-element_type=\"column\">\n\t\t\t<div class=\"elementor-widget-wrap elementor-element-populated\">\n\t\t\t\t\t\t<div class=\"elementor-element elementor-element-9d4ba7d elementor-widget-divider--view-line sc_fly_static elementor-widget elementor-widget-divider\" data-id=\"9d4ba7d\" data-element_type=\"widget\" data-widget_type=\"divider.default\">\n\t\t\t\t<div class=\"elementor-widget-container\">\n\t\t\t\t\t\t\t<div class=\"elementor-divider\">\n\t\t\t<span class=\"elementor-divider-separator\">\n\t\t\t\t\t\t<\/span>\n\t\t<\/div>\n\t\t\t\t\t\t<\/div>\n\t\t\t\t<\/div>\n\t\t\t\t\t<\/div>\n\t\t<\/div>\n\t\t\t\t\t<\/div>\n\t\t<\/section>\n\t\t\t\t<section class=\"elementor-section elementor-top-section elementor-element elementor-element-784689e elementor-section-boxed elementor-section-height-default elementor-section-height-default sc_fly_static\" data-id=\"784689e\" data-element_type=\"section\">\n\t\t\t\t\t\t<div class=\"elementor-container elementor-column-gap-extended\">\n\t\t\t\t\t<div class=\"elementor-column elementor-col-100 elementor-top-column elementor-element elementor-element-ac9052f sc_content_align_inherit sc_layouts_column_icons_position_left sc_fly_static\" data-id=\"ac9052f\" data-element_type=\"column\">\n\t\t\t<div class=\"elementor-widget-wrap elementor-element-populated\">\n\t\t\t\t\t\t<div class=\"elementor-element elementor-element-f5b178f sc_fly_static elementor-widget elementor-widget-heading\" data-id=\"f5b178f\" data-element_type=\"widget\" data-widget_type=\"heading.default\">\n\t\t\t\t<div class=\"elementor-widget-container\">\n\t\t\t\t\t<h4 class=\"elementor-heading-title elementor-size-default\">Procurement Plan 2024 <\/h4>\t\t\t\t<\/div>\n\t\t\t\t<\/div>\n\t\t\t\t<div class=\"elementor-element elementor-element-2b42f1f sc_fly_static elementor-widget elementor-widget-spacer\" data-id=\"2b42f1f\" data-element_type=\"widget\" data-widget_type=\"spacer.default\">\n\t\t\t\t<div class=\"elementor-widget-container\">\n\t\t\t\t\t\t\t<div class=\"elementor-spacer\">\n\t\t\t<div class=\"elementor-spacer-inner\"><\/div>\n\t\t<\/div>\n\t\t\t\t\t\t<\/div>\n\t\t\t\t<\/div>\n\t\t\t\t<div class=\"elementor-element elementor-element-bf3e68c sc_fly_static elementor-widget elementor-widget-trx_sc_button\" data-id=\"bf3e68c\" data-element_type=\"widget\" data-widget_type=\"trx_sc_button.default\">\n\t\t\t\t<div class=\"elementor-widget-container\">\n\t\t\t\t\t<div\tclass=\"sc_item_button sc_button_wrap\" ><a href=\"https:\/\/bijunucentras.lt\/wp-content\/uploads\/2024\/08\/2024-viesuju-pirkimu-planas.doc\" class=\"sc_button sc_button_default sc_button_size_normal sc_button_with_icon sc_button_icon_left\" target=\"_blank\" ><span class=\"sc_button_icon\"><span class=\"icon-file-word\"><\/span><\/span><span class=\"sc_button_text\"><span class=\"sc_button_title\">Download the document<\/span><\/span><!-- \/.sc_button_text --><\/a><!-- \/.sc_button --><\/div><!-- \/.sc_item_button -->\t\t\t\t<\/div>\n\t\t\t\t<\/div>\n\t\t\t\t\t<\/div>\n\t\t<\/div>\n\t\t\t\t\t<\/div>\n\t\t<\/section>\n\t\t\t\t<section class=\"elementor-section elementor-top-section elementor-element elementor-element-baa715f elementor-section-boxed elementor-section-height-default elementor-section-height-default sc_fly_static\" data-id=\"baa715f\" data-element_type=\"section\">\n\t\t\t\t\t\t<div class=\"elementor-container elementor-column-gap-extended\">\n\t\t\t\t\t<div class=\"elementor-column elementor-col-100 elementor-top-column elementor-element elementor-element-688f5fc sc_content_align_inherit sc_layouts_column_icons_position_left sc_fly_static\" data-id=\"688f5fc\" data-element_type=\"column\">\n\t\t\t<div class=\"elementor-widget-wrap elementor-element-populated\">\n\t\t\t\t\t\t<div class=\"elementor-element elementor-element-6d8ed37 sc_fly_static elementor-widget elementor-widget-spacer\" data-id=\"6d8ed37\" data-element_type=\"widget\" data-widget_type=\"spacer.default\">\n\t\t\t\t<div class=\"elementor-widget-container\">\n\t\t\t\t\t\t\t<div class=\"elementor-spacer\">\n\t\t\t<div class=\"elementor-spacer-inner\"><\/div>\n\t\t<\/div>\n\t\t\t\t\t\t<\/div>\n\t\t\t\t<\/div>\n\t\t\t\t<div class=\"elementor-element elementor-element-cebe2d9 sc_fly_static elementor-widget elementor-widget-heading\" data-id=\"cebe2d9\" data-element_type=\"widget\" data-widget_type=\"heading.default\">\n\t\t\t\t<div class=\"elementor-widget-container\">\n\t\t\t\t\t<h4 class=\"elementor-heading-title elementor-size-default\">2023 procurement logbook<\/h4>\t\t\t\t<\/div>\n\t\t\t\t<\/div>\n\t\t\t\t<div class=\"elementor-element elementor-element-5a2869f sc_fly_static elementor-widget elementor-widget-spacer\" data-id=\"5a2869f\" data-element_type=\"widget\" data-widget_type=\"spacer.default\">\n\t\t\t\t<div class=\"elementor-widget-container\">\n\t\t\t\t\t\t\t<div class=\"elementor-spacer\">\n\t\t\t<div class=\"elementor-spacer-inner\"><\/div>\n\t\t<\/div>\n\t\t\t\t\t\t<\/div>\n\t\t\t\t<\/div>\n\t\t\t\t<div class=\"elementor-element elementor-element-8d60683 sc_fly_static elementor-widget elementor-widget-trx_sc_button\" data-id=\"8d60683\" data-element_type=\"widget\" data-widget_type=\"trx_sc_button.default\">\n\t\t\t\t<div class=\"elementor-widget-container\">\n\t\t\t\t\t<div\tclass=\"sc_item_button sc_button_wrap\" ><a href=\"https:\/\/bijunucentras.lt\/wp-content\/uploads\/2024\/08\/Viesuju-pirkimu-zurnalas-2023m.xls\" class=\"sc_button sc_button_default sc_button_size_normal sc_button_with_icon sc_button_icon_left\" target=\"_blank\" ><span class=\"sc_button_icon\"><span class=\"icon-file-excel\"><\/span><\/span><span class=\"sc_button_text\"><span class=\"sc_button_title\">Download the document<\/span><\/span><!-- \/.sc_button_text --><\/a><!-- \/.sc_button --><\/div><!-- \/.sc_item_button -->\t\t\t\t<\/div>\n\t\t\t\t<\/div>\n\t\t\t\t\t<\/div>\n\t\t<\/div>\n\t\t\t\t\t<\/div>\n\t\t<\/section>\n\t\t\t\t<\/div>","protected":false},"excerpt":{"rendered":"<p>Bij\u016bn\u0173 UDC Vie\u0161ieji pirkimai Vie\u0161\u0173j\u0173 pirkim\u0173 taisykl\u0117s Vie\u0161\u0173j\u0173 pirkim\u0173 organizavimo tvarkos apra\u0161as Atsisi\u0173sti dokument\u0105 2026m. vie\u0161\u0173j\u0173 pirkim\u0173 planas Atsisi\u0173sti dokument\u0105 2025 m. vie\u0161\u0173j\u0173 pirkim\u0173 \u017eurnalas Atsisi\u0173sti dokument\u0105 2024 m. vie\u0161\u0173j\u0173 pirkim\u0173 planas Atsisi\u0173sti dokument\u0105 2023 m. vie\u0161\u0173j\u0173 pirkim\u0173 \u017eurnalas Atsisi\u0173sti dokument\u0105<\/p>","protected":false},"author":1,"featured_media":0,"parent":0,"menu_order":0,"comment_status":"closed","ping_status":"closed","template":"","meta":{"inline_featured_image":false,"footnotes":""},"class_list":["post-15725","page","type-page","status-publish","hentry"],"aioseo_notices":[],"_links":{"self":[{"href":"https:\/\/bijunucentras.lt\/en\/wp-json\/wp\/v2\/pages\/15725","targetHints":{"allow":["GET"]}}],"collection":[{"href":"https:\/\/bijunucentras.lt\/en\/wp-json\/wp\/v2\/pages"}],"about":[{"href":"https:\/\/bijunucentras.lt\/en\/wp-json\/wp\/v2\/types\/page"}],"author":[{"embeddable":true,"href":"https:\/\/bijunucentras.lt\/en\/wp-json\/wp\/v2\/users\/1"}],"replies":[{"embeddable":true,"href":"https:\/\/bijunucentras.lt\/en\/wp-json\/wp\/v2\/comments?post=15725"}],"version-history":[{"count":43,"href":"https:\/\/bijunucentras.lt\/en\/wp-json\/wp\/v2\/pages\/15725\/revisions"}],"predecessor-version":[{"id":18083,"href":"https:\/\/bijunucentras.lt\/en\/wp-json\/wp\/v2\/pages\/15725\/revisions\/18083"}],"wp:attachment":[{"href":"https:\/\/bijunucentras.lt\/en\/wp-json\/wp\/v2\/media?parent=15725"}],"curies":[{"name":"wp","href":"https:\/\/api.w.org\/{rel}","templated":true}]}}